{"id":6065,"date":"2025-08-09T10:08:23","date_gmt":"2025-08-09T03:08:23","guid":{"rendered":"https:\/\/lasiestahotels.com\/mamay\/?page_id=6065"},"modified":"2025-08-09T10:48:33","modified_gmt":"2025-08-09T03:48:33","slug":"la-siesta-classic-ma-may-warns-of-fake-fanpages-for-scam-bookings","status":"publish","type":"page","link":"https:\/\/lasiestahotels.com\/mamay\/la-siesta-classic-ma-may-warns-of-fake-fanpages-for-scam-bookings","title":{"rendered":"La Siesta Classic Ma May Warns Of Fake Fanpages For Scam Bookings!"},"content":{"rendered":"\t\t<div data-elementor-type=\"wp-page\" data-elementor-id=\"6065\" class=\"elementor elementor-6065\">\n\t\t\t\t\t\t<section class=\"elementor-section elementor-top-section elementor-element elementor-element-225276eb elementor-section-boxed elementor-section-height-default elementor-section-height-default\" data-id=\"225276eb\" data-element_type=\"section\">\n\t\t\t\t\t\t<div class=\"elementor-container elementor-column-gap-default\">\n\t\t\t\t\t<div class=\"elementor-column elementor-col-100 elementor-top-column elementor-element elementor-element-566af954\" data-id=\"566af954\" data-element_type=\"column\">\n\t\t\t<div class=\"elementor-widget-wrap elementor-element-populated\">\n\t\t\t\t\t\t<div class=\"elementor-element elementor-element-104f1fcd elementor-widget elementor-widget-text-editor\" data-id=\"104f1fcd\" data-element_type=\"widget\" data-widget_type=\"text-editor.default\">\n\t\t\t\t<div class=\"elementor-widget-container\">\n\t\t\t\t\t\t\t\t\t<p style=\"text-align: center;\"><iframe title=\"e9 \u0111a\u0300o lu\u031b\u0309a fb\" src=\"https:\/\/www.youtube.com\/embed\/v8eBR_itY2M\" width=\"361\" height=\"642\" frameborder=\"0\" allowfullscreen=\"allowfullscreen\"><\/iframe><\/p><p>\u00a0<\/p>\t\t\t\t\t\t\t\t<\/div>\n\t\t\t\t<\/div>\n\t\t\t\t<div class=\"elementor-element elementor-element-c421b31 elementor-widget elementor-widget-text-editor\" data-id=\"c421b31\" data-element_type=\"widget\" data-widget_type=\"text-editor.default\">\n\t\t\t\t<div class=\"elementor-widget-container\">\n\t\t\t\t\t\t\t\t\t<p>Recently, many fanpages have appeared impersonating La Siesta Classic Ma May hotel to scam guests into booking through unofficial channels, especially for the upcoming National Day holiday on September 2nd. To protect your assets, please be aware that La Siesta Classic Ma May hotel, located at 94 Ma May, Hoan Kiem Ward, Hanoi, ONLY ACCEPTS BOOKINGS through the following official channels:<\/p><p>\ud83d\udcde Sales (Ms. Nguyen My Linh): 079 552 5693<br \/>\u260e\ufe0f Hotel Phone Number: 024 3926 3641<br \/>\ud83d\udce7 Email: mamay@lasiestahotels.com<br \/>\ud83c\udf10 Website: lasiestahotels.com\/mamay\/<br \/>\ud83d\udc4d THE ONLY OFFICIAL Facebook Page: https:\/\/www.facebook.com\/lasiestaclassicmamay<br \/>(All other pages with similar names or even a single character difference are FAKE!)<\/p><p>\ud83d\udcb3 THE ONLY BANK ACCOUNT FOR PAYMENTS:<br \/>BANK: JOINT STOCK COMMERCIAL BANK FOR FOREIGN TRADE OF VIETNAM (VIETCOMBANK) <br \/>Address: No. 11 Lang Ha, Giang Vo Ward, Hanoi<br \/>Account Number: 0011004217709<\/p><p>\u203c\ufe0f IMPORTANT: We DO NOT accept bookings through any other Fanpage, phone number, email, or bank account other than the information provided above.<\/p><p>We urge you to be extremely cautious and share this information to protect your interests.<\/p><p>Sincerely,<br \/>La Siesta Classic Ma May<\/p><p>\u274a\u274a\u274a\u274a\u274a<\/p><p>\ud83d\udea8 LA SIESTA CLASSIC M\u00c3 M\u00c2Y C\u1ea2NH B\u00c1O GI\u1ea2 M\u1ea0O FANPAGE \u0110\u1ec2 L\u1eeaA \u0110\u1ea2O \u0110\u1eb6T PH\u00d2NG! \ud83d\udea8<\/p><p>G\u1ea7n \u0111\u00e2y \u0111\u00e3 xu\u1ea5t hi\u1ec7n nhi\u1ec1u fanpage gi\u1ea3 m\u1ea1o kh\u00e1ch s\u1ea1n La Siesta Classic M\u00e3 M\u00e2y, m\u1ea1o danh \u0111\u1ec3 l\u1eeba \u0111\u1ea3o \u0111\u1eb7t ph\u00f2ng th\u00f4ng qua c\u00e1c k\u00eanh kh\u00f4ng ch\u00ednh th\u1ed1ng, \u0111\u1eb7c bi\u1ec7t l\u00e0 d\u1ecbp L\u1ec5 2\/9 s\u1eafp t\u1edbi. \u0110\u1ec3 b\u1ea3o v\u1ec7 t\u00e0i s\u1ea3n c\u1ee7a m\u00ecnh, Qu\u00fd kh\u00e1ch vui l\u00f2ng l\u01b0u \u00fd, kh\u00e1ch s\u1ea1n La Siesta Classic M\u00e3 M\u00e2y t\u1ea1i 94 M\u00e3 M\u00e2y, ph\u01b0\u1eddng Ho\u00e0n Ki\u1ebfm, H\u00e0 N\u1ed9i CH\u1ec8 NH\u1eacN \u0110\u1eb6T PH\u00d2NG qua c\u00e1c k\u00eanh ch\u00ednh th\u1ee9c v\u00e0 duy nh\u1ea5t d\u01b0\u1edbi \u0111\u00e2y:<\/p><p>\ud83d\udcde Sales (Ms. Nguy\u1ec5n M\u1ef9 Linh): 079 552 5693<br \/>\u260e\ufe0f S\u1ed1 \u0111i\u1ec7n tho\u1ea1i kh\u00e1ch s\u1ea1n: 024 3926 3641<br \/>\ud83d\udce7 Email: mamay@lasiestahotels.com<br \/>\ud83c\udf10 Website: lasiestahotels.com\/mamay\/<br \/>\ud83d\udc4d Facebook DUY NH\u1ea4T: https:\/\/www.facebook.com\/lasiestaclassicmamay<br \/>(T\u1ea5t c\u1ea3 c\u00e1c trang c\u00f3 t\u00ean g\u1ea7n gi\u1ed1ng ho\u1eb7c sai kh\u00e1c d\u00f9 ch\u1ec9 1 k\u00fd t\u1ef1 \u0111\u1ec1u l\u00e0 GI\u1ea2 M\u1ea0O!)<\/p><p>\ud83d\udcb3 T\u00c0I KHO\u1ea2N NG\u00c2N H\u00c0NG DUY NH\u1ea4T \u0110\u1ec2 THANH TO\u00c1N:<br \/>NG\u00c2N H\u00c0NG TMCP NGO\u1ea0I TH\u01af\u01a0NG VI\u1ec6T NAM (VIETCOMBANK) &#8211; CN SGD<br \/>\u0110\u1ecba ch\u1ec9: S\u1ed1 11 L\u00e1ng H\u1ea1, ph\u01b0\u1eddng Gi\u1ea3ng V\u00f5, H\u00e0 N\u1ed9i<br \/>S\u1ed1 t\u00e0i kho\u1ea3n: 0011004217709<\/p><p>\u203c\ufe0f L\u01afU \u00dd: Ch\u00fang t\u00f4i KH\u00d4NG nh\u1eadn \u0111\u1eb7t ph\u00f2ng qua b\u1ea5t k\u1ef3 Fanpage, S\u0110T, Email hay t\u00e0i kho\u1ea3n ng\u00e2n h\u00e0ng n\u00e0o kh\u00e1c ngo\u00e0i nh\u1eefng th\u00f4ng tin \u0111\u00e3 n\u00eau tr\u00ean.<\/p><p>Mong Qu\u00fd kh\u00e1ch h\u1ebft s\u1ee9c c\u1ea9n tr\u1ecdng v\u00e0 chia s\u1ebb th\u00f4ng tin n\u00e0y \u0111\u1ec3 b\u1ea3o v\u1ec7 quy\u1ec1n l\u1ee3i c\u1ee7a m\u00ecnh.<\/p><p>La Siesta Classic M\u00e3 M\u00e2y xin tr\u00e2n tr\u1ecdng th\u00f4ng b\u00e1o!<\/p>\t\t\t\t\t\t\t\t<\/div>\n\t\t\t\t<\/div>\n\t\t\t\t\t<\/div>\n\t\t<\/div>\n\t\t\t\t\t<\/div>\n\t\t<\/section>\n\t\t\t\t<\/div>\n\t\t","protected":false},"excerpt":{"rendered":"<p>\u00a0 Recently, many fanpages have appeared impersonating La Siesta Classic Ma May hotel to scam guests into booking through unofficial channels, especially for the upcoming National Day holiday on September 2nd. To protect your assets, please be aware that La Siesta Classic Ma May hotel, located at 94 Ma May, Hoan Kiem Ward, Hanoi, ONLY&#8230;<\/p>\n","protected":false},"author":3,"featured_media":2842,"parent":0,"menu_order":0,"comment_status":"closed","ping_status":"closed","template":"","meta":{"footnotes":""},"class_list":["post-6065","page","type-page","status-publish","has-post-thumbnail","hentry"],"_links":{"self":[{"href":"https:\/\/lasiestahotels.com\/mamay\/wp-json\/wp\/v2\/pages\/6065","targetHints":{"allow":["GET"]}}],"collection":[{"href":"https:\/\/lasiestahotels.com\/mamay\/wp-json\/wp\/v2\/pages"}],"about":[{"href":"https:\/\/lasiestahotels.com\/mamay\/wp-json\/wp\/v2\/types\/page"}],"author":[{"embeddable":true,"href":"https:\/\/lasiestahotels.com\/mamay\/wp-json\/wp\/v2\/users\/3"}],"replies":[{"embeddable":true,"href":"https:\/\/lasiestahotels.com\/mamay\/wp-json\/wp\/v2\/comments?post=6065"}],"version-history":[{"count":0,"href":"https:\/\/lasiestahotels.com\/mamay\/wp-json\/wp\/v2\/pages\/6065\/revisions"}],"wp:featuredmedia":[{"embeddable":true,"href":"https:\/\/lasiestahotels.com\/mamay\/wp-json\/wp\/v2\/media\/2842"}],"wp:attachment":[{"href":"https:\/\/lasiestahotels.com\/mamay\/wp-json\/wp\/v2\/media?parent=6065"}],"curies":[{"name":"wp","href":"https:\/\/api.w.org\/{rel}","templated":true}]}}